{"id":2436,"date":"2024-12-02T22:10:55","date_gmt":"2021-03-09T14:11:37","guid":{"rendered":"http:\/\/www.aufik.cz\/index.php\/services-2\/"},"modified":"2025-02-16T13:01:04","modified_gmt":"2025-02-16T12:01:04","slug":"sluzby","status":"publish","type":"page","link":"https:\/\/www.aufik.cz\/index.php\/sluzby\/","title":{"rendered":"Slu\u017eby"},"content":{"rendered":"\t\t<div data-elementor-type=\"wp-page\" data-elementor-id=\"2436\" class=\"elementor elementor-2436\">\n\t\t\t\t<div class=\"elementor-element elementor-element-2cec0be e-grid e-con-boxed e-con e-parent\" data-id=\"2cec0be\" data-element_type=\"container\">\n\t\t\t\t\t<div class=\"e-con-inner\">\n\t\t\t\t<div class=\"elementor-element elementor-element-d9223c8 elementor-widget elementor-widget-text-editor\" data-id=\"d9223c8\" data-element_type=\"widget\" data-widget_type=\"text-editor.default\">\n\t\t\t\t<div class=\"elementor-widget-container\">\n\t\t\t\t\t\t\t\t\t<h3 id=\"h-basic\" class=\"wp-block-heading has-text-align-center\">Nast\u0159elov\u00e1n\u00ed, opravy a \u00fapravy zbran\u00ed<\/h3>\n<p><!-- \/wp:heading --><!-- wp:paragraph {\"align\":\"center\"} --><\/p>\n<p>Cen\u00edk je dle individu\u00e1ln\u00edch po\u017eadavk\u016f z\u00e1kazn\u00edka.<\/p>\n<p>Kamufl\u00e1\u017e zbran\u00ed prov\u00e1d\u00edm barvami <a href=\"https:\/\/www.krylon.com\/\">Krylon<\/a>, Fosco, EC-Paint.<\/p>\t\t\t\t\t\t\t\t<\/div>\n\t\t\t\t<\/div>\n\t\t\t\t<div class=\"elementor-element elementor-element-da4da5a elementor-widget elementor-widget-text-editor\" data-id=\"da4da5a\" data-element_type=\"widget\" data-widget_type=\"text-editor.default\">\n\t\t\t\t<div class=\"elementor-widget-container\">\n\t\t\t\t\t\t\t\t\t<h3 class=\"wp-block-heading has-text-align-center\">Z\u00e1\u017eitkov\u00e1 st\u0159elba<\/h3>\n<p><!-- \/wp:heading --><!-- wp:paragraph --><\/p>\n<p>Vol\u00edm individu\u00e1ln\u00ed p\u0159\u00edstup k z\u00e1kazn\u00edkovi. V\u017edy je sezn\u00e1men s bezpe\u010dnostn\u00edmi pravidly, obsluhou zbran\u00ed dle vybran\u00e9ho bal\u00ed\u010dku, \u010dasovou dotac\u00ed na cel\u00fd pobyt na st\u0159elnici od teorie, a\u017e po ukon\u010den\u00ed st\u0159elby. Pokud si hodl\u00e1 z\u00e1kazn\u00edk po\u0159\u00eddit fotografie ze z\u00e1\u017eitkov\u00e9 st\u0159elby, provedu toto na v\u00e1mi donesen\u00e9 za\u0159\u00edzen\u00ed, aby byla uchov\u00e1na vzpom\u00ednka, p\u0159\u00edpadn\u011b se mohl pochlubit t\u00edm, co si vyzkou\u0161el a co za\u017eil.<\/p>\n<p>Pro sv\u016fj z\u00e1\u017eitek si m\u016f\u017eete vybrat z na\u0161\u00ed <a href=\"https:\/\/www.aufik.cz\/index.php\/zbrane\/\">kolekce zbran\u00ed<\/a>.<\/p>\t\t\t\t\t\t\t\t<\/div>\n\t\t\t\t<\/div>\n\t\t\t\t<div class=\"elementor-element elementor-element-c9a5bf1 elementor-widget elementor-widget-text-editor\" data-id=\"c9a5bf1\" data-element_type=\"widget\" data-widget_type=\"text-editor.default\">\n\t\t\t\t<div class=\"elementor-widget-container\">\n\t\t\t\t\t\t\t\t\t<h3 id=\"h-agency\" class=\"wp-block-heading has-text-align-center\">St\u0159eleck\u00e9 kurzy<\/h3>\n<p><!-- \/wp:heading --><!-- wp:paragraph {\"align\":\"center\"} --><\/p>\n<p>Z\u00edsk\u00e1n\u00ed Zbrojn\u00edho pr\u016fkazu je teprve za\u010d\u00e1tek k tomu, st\u00e1t se t\u00edm spr\u00e1vn\u00fdm u\u017eivatelem paln\u00e9 zbran\u011b. Nau\u010den\u00ed prvk\u016f spr\u00e1vn\u00e9ho zach\u00e1zen\u00ed se zbran\u00ed, z\u00edsk\u00e1n\u00ed pot\u0159ebn\u00fdch n\u00e1vyk\u016f a bezpe\u010dnosti p\u0159i manipulaci s n\u00ed. Co\u017e je nutnost\u00ed, proto\u017ee bez spr\u00e1vn\u00fdch z\u00e1kladn\u00edch n\u00e1vyk\u016f se nelze rozv\u00edjet t\u00edm spr\u00e1vn\u00fdm sm\u011brem. Ba naopak, odstran\u011bn\u00ed t\u011bch \u0161patn\u00fdch v\u00e1s v budoucnu bude st\u00e1t mnoho \u00fasil\u00ed a nem\u00e1lo \u010dasu.<\/p>\t\t\t\t\t\t\t\t<\/div>\n\t\t\t\t<\/div>\n\t\t\t\t<div class=\"elementor-element elementor-element-8c24756 elementor-widget elementor-widget-text-editor\" data-id=\"8c24756\" data-element_type=\"widget\" data-widget_type=\"text-editor.default\">\n\t\t\t\t<div class=\"elementor-widget-container\">\n\t\t\t\t\t\t\t\t\t<h3 id=\"h-pro\" class=\"wp-block-heading has-text-align-center\">P\u0159\u00edprava k z\u00edsk\u00e1n\u00ed ZP<\/h3>\n<p><!-- \/wp:heading --><!-- wp:paragraph {\"align\":\"center\"} --><\/p>\n<p>Provedu V\u00e1s p\u0159\u00edpravou na zkou\u0161ky k z\u00edsk\u00e1n\u00ed zbrojn\u00edho pr\u016fkazu skupiny: A, B, C, D, E. V\u00fdcvik a v\u00fduka praktick\u00e9 \u010d\u00e1sti zkou\u0161ky odborn\u00e9 zp\u016fsobilosti pro uchaze\u010de o zbrojn\u00ed pr\u016fkaz dle z\u00e1kona \u010d.119\/2002.Sb.<\/p>\t\t\t\t\t\t\t\t<\/div>\n\t\t\t\t<\/div>\n\t\t\t\t<div class=\"elementor-element elementor-element-8dcafa6 elementor-widget elementor-widget-text-editor\" data-id=\"8dcafa6\" data-element_type=\"widget\" data-widget_type=\"text-editor.default\">\n\t\t\t\t<div class=\"elementor-widget-container\">\n\t\t\t\t\t\t\t\t\t<h3 class=\"wp-block-heading has-text-align-center\">Bezpe\u010dnostn\u00ed poradenstv\u00ed<\/h3>\n<p>xxxx<\/p>\t\t\t\t\t\t\t\t<\/div>\n\t\t\t\t<\/div>\n\t\t\t\t\t<\/div>\n\t\t\t\t<\/div>\n\t\t\t\t<\/div>\n\t\t","protected":false},"excerpt":{"rendered":"<p>Nast\u0159elov\u00e1n\u00ed, opravy a \u00fapravy zbran\u00ed Cen\u00edk je dle individu\u00e1ln\u00edch po\u017eadavk\u016f z\u00e1kazn\u00edka. Kamufl\u00e1\u017e zbran\u00ed prov\u00e1d\u00edm barvami Krylon, Fosco, EC-Paint. Z\u00e1\u017eitkov\u00e1 st\u0159elba Vol\u00edm individu\u00e1ln\u00ed p\u0159\u00edstup k z\u00e1kazn\u00edkovi. V\u017edy je sezn\u00e1men s bezpe\u010dnostn\u00edmi pravidly, obsluhou zbran\u00ed dle vybran\u00e9ho bal\u00ed\u010dku, \u010dasovou dotac\u00ed na cel\u00fd pobyt na st\u0159elnici od teorie, a\u017e po ukon\u010den\u00ed st\u0159elby. Pokud si hodl\u00e1 z\u00e1kazn\u00edk po\u0159\u00eddit fotografie [&hellip;]<\/p>\n","protected":false},"author":1,"featured_media":0,"parent":0,"menu_order":0,"comment_status":"closed","ping_status":"closed","template":"","meta":{"footnotes":""},"class_list":["post-2436","page","type-page","status-publish","hentry"],"yoast_head":"<!-- This site is optimized with the Yoast SEO plugin v26.1.1 - https:\/\/yoast.com\/wordpress\/plugins\/seo\/ -->\n<title>Slu\u017eby - Aufik<\/title>\n<meta name=\"robots\" content=\"index, follow, max-snippet:-1, max-image-preview:large, max-video-preview:-1\" \/>\n<link rel=\"canonical\" href=\"https:\/\/www.aufik.cz\/index.php\/sluzby\/\" \/>\n<meta property=\"og:locale\" content=\"cs_CZ\" \/>\n<meta property=\"og:type\" content=\"article\" \/>\n<meta property=\"og:title\" content=\"Slu\u017eby - Aufik\" \/>\n<meta property=\"og:description\" content=\"Nast\u0159elov\u00e1n\u00ed, opravy a \u00fapravy zbran\u00ed Cen\u00edk je dle individu\u00e1ln\u00edch po\u017eadavk\u016f z\u00e1kazn\u00edka. Kamufl\u00e1\u017e zbran\u00ed prov\u00e1d\u00edm barvami Krylon, Fosco, EC-Paint. Z\u00e1\u017eitkov\u00e1 st\u0159elba Vol\u00edm individu\u00e1ln\u00ed p\u0159\u00edstup k z\u00e1kazn\u00edkovi. V\u017edy je sezn\u00e1men s bezpe\u010dnostn\u00edmi pravidly, obsluhou zbran\u00ed dle vybran\u00e9ho bal\u00ed\u010dku, \u010dasovou dotac\u00ed na cel\u00fd pobyt na st\u0159elnici od teorie, a\u017e po ukon\u010den\u00ed st\u0159elby. Pokud si hodl\u00e1 z\u00e1kazn\u00edk po\u0159\u00eddit fotografie [&hellip;]\" \/>\n<meta property=\"og:url\" content=\"https:\/\/www.aufik.cz\/index.php\/sluzby\/\" \/>\n<meta property=\"og:site_name\" content=\"Aufik\" \/>\n<meta property=\"article:modified_time\" content=\"2025-02-16T12:01:04+00:00\" \/>\n<meta name=\"twitter:card\" content=\"summary_large_image\" \/>\n<meta name=\"twitter:label1\" content=\"Odhadovan\u00e1 doba \u010dten\u00ed\" \/>\n\t<meta name=\"twitter:data1\" content=\"2 minuty\" \/>\n<script type=\"application\/ld+json\" class=\"yoast-schema-graph\">{\"@context\":\"https:\/\/schema.org\",\"@graph\":[{\"@type\":\"WebPage\",\"@id\":\"https:\/\/www.aufik.cz\/index.php\/sluzby\/\",\"url\":\"https:\/\/www.aufik.cz\/index.php\/sluzby\/\",\"name\":\"Slu\u017eby - Aufik\",\"isPartOf\":{\"@id\":\"https:\/\/www.aufik.cz\/#website\"},\"datePublished\":\"2021-03-09T14:11:37+00:00\",\"dateModified\":\"2025-02-16T12:01:04+00:00\",\"breadcrumb\":{\"@id\":\"https:\/\/www.aufik.cz\/index.php\/sluzby\/#breadcrumb\"},\"inLanguage\":\"cs\",\"potentialAction\":[{\"@type\":\"ReadAction\",\"target\":[\"https:\/\/www.aufik.cz\/index.php\/sluzby\/\"]}]},{\"@type\":\"BreadcrumbList\",\"@id\":\"https:\/\/www.aufik.cz\/index.php\/sluzby\/#breadcrumb\",\"itemListElement\":[{\"@type\":\"ListItem\",\"position\":1,\"name\":\"Home\",\"item\":\"https:\/\/www.aufik.cz\/\"},{\"@type\":\"ListItem\",\"position\":2,\"name\":\"Slu\u017eby\"}]},{\"@type\":\"WebSite\",\"@id\":\"https:\/\/www.aufik.cz\/#website\",\"url\":\"https:\/\/www.aufik.cz\/\",\"name\":\"Aufik\",\"description\":\"\",\"publisher\":{\"@id\":\"https:\/\/www.aufik.cz\/#\/schema\/person\/6542b56f49c45be6696e38393dbca330\"},\"potentialAction\":[{\"@type\":\"SearchAction\",\"target\":{\"@type\":\"EntryPoint\",\"urlTemplate\":\"https:\/\/www.aufik.cz\/?s={search_term_string}\"},\"query-input\":{\"@type\":\"PropertyValueSpecification\",\"valueRequired\":true,\"valueName\":\"search_term_string\"}}],\"inLanguage\":\"cs\"},{\"@type\":[\"Person\",\"Organization\"],\"@id\":\"https:\/\/www.aufik.cz\/#\/schema\/person\/6542b56f49c45be6696e38393dbca330\",\"name\":\"Pavel Ausfic\u00edr\",\"image\":{\"@type\":\"ImageObject\",\"inLanguage\":\"cs\",\"@id\":\"https:\/\/www.aufik.cz\/#\/schema\/person\/image\/\",\"url\":\"http:\/\/www.aufik.cz\/wp-content\/uploads\/2024\/12\/Pavel1-1.jpg\",\"contentUrl\":\"http:\/\/www.aufik.cz\/wp-content\/uploads\/2024\/12\/Pavel1-1.jpg\",\"width\":302,\"height\":360,\"caption\":\"Pavel Ausfic\u00edr\"},\"logo\":{\"@id\":\"https:\/\/www.aufik.cz\/#\/schema\/person\/image\/\"},\"sameAs\":[\"https:\/\/www.aufik.cz\"]}]}<\/script>\n<!-- \/ Yoast SEO plugin. -->","yoast_head_json":{"title":"Slu\u017eby - Aufik","robots":{"index":"index","follow":"follow","max-snippet":"max-snippet:-1","max-image-preview":"max-image-preview:large","max-video-preview":"max-video-preview:-1"},"canonical":"https:\/\/www.aufik.cz\/index.php\/sluzby\/","og_locale":"cs_CZ","og_type":"article","og_title":"Slu\u017eby - Aufik","og_description":"Nast\u0159elov\u00e1n\u00ed, opravy a \u00fapravy zbran\u00ed Cen\u00edk je dle individu\u00e1ln\u00edch po\u017eadavk\u016f z\u00e1kazn\u00edka. Kamufl\u00e1\u017e zbran\u00ed prov\u00e1d\u00edm barvami Krylon, Fosco, EC-Paint. Z\u00e1\u017eitkov\u00e1 st\u0159elba Vol\u00edm individu\u00e1ln\u00ed p\u0159\u00edstup k z\u00e1kazn\u00edkovi. V\u017edy je sezn\u00e1men s bezpe\u010dnostn\u00edmi pravidly, obsluhou zbran\u00ed dle vybran\u00e9ho bal\u00ed\u010dku, \u010dasovou dotac\u00ed na cel\u00fd pobyt na st\u0159elnici od teorie, a\u017e po ukon\u010den\u00ed st\u0159elby. Pokud si hodl\u00e1 z\u00e1kazn\u00edk po\u0159\u00eddit fotografie [&hellip;]","og_url":"https:\/\/www.aufik.cz\/index.php\/sluzby\/","og_site_name":"Aufik","article_modified_time":"2025-02-16T12:01:04+00:00","twitter_card":"summary_large_image","twitter_misc":{"Odhadovan\u00e1 doba \u010dten\u00ed":"2 minuty"},"schema":{"@context":"https:\/\/schema.org","@graph":[{"@type":"WebPage","@id":"https:\/\/www.aufik.cz\/index.php\/sluzby\/","url":"https:\/\/www.aufik.cz\/index.php\/sluzby\/","name":"Slu\u017eby - Aufik","isPartOf":{"@id":"https:\/\/www.aufik.cz\/#website"},"datePublished":"2021-03-09T14:11:37+00:00","dateModified":"2025-02-16T12:01:04+00:00","breadcrumb":{"@id":"https:\/\/www.aufik.cz\/index.php\/sluzby\/#breadcrumb"},"inLanguage":"cs","potentialAction":[{"@type":"ReadAction","target":["https:\/\/www.aufik.cz\/index.php\/sluzby\/"]}]},{"@type":"BreadcrumbList","@id":"https:\/\/www.aufik.cz\/index.php\/sluzby\/#breadcrumb","itemListElement":[{"@type":"ListItem","position":1,"name":"Home","item":"https:\/\/www.aufik.cz\/"},{"@type":"ListItem","position":2,"name":"Slu\u017eby"}]},{"@type":"WebSite","@id":"https:\/\/www.aufik.cz\/#website","url":"https:\/\/www.aufik.cz\/","name":"Aufik","description":"","publisher":{"@id":"https:\/\/www.aufik.cz\/#\/schema\/person\/6542b56f49c45be6696e38393dbca330"},"potentialAction":[{"@type":"SearchAction","target":{"@type":"EntryPoint","urlTemplate":"https:\/\/www.aufik.cz\/?s={search_term_string}"},"query-input":{"@type":"PropertyValueSpecification","valueRequired":true,"valueName":"search_term_string"}}],"inLanguage":"cs"},{"@type":["Person","Organization"],"@id":"https:\/\/www.aufik.cz\/#\/schema\/person\/6542b56f49c45be6696e38393dbca330","name":"Pavel Ausfic\u00edr","image":{"@type":"ImageObject","inLanguage":"cs","@id":"https:\/\/www.aufik.cz\/#\/schema\/person\/image\/","url":"http:\/\/www.aufik.cz\/wp-content\/uploads\/2024\/12\/Pavel1-1.jpg","contentUrl":"http:\/\/www.aufik.cz\/wp-content\/uploads\/2024\/12\/Pavel1-1.jpg","width":302,"height":360,"caption":"Pavel Ausfic\u00edr"},"logo":{"@id":"https:\/\/www.aufik.cz\/#\/schema\/person\/image\/"},"sameAs":["https:\/\/www.aufik.cz"]}]}},"_links":{"self":[{"href":"https:\/\/www.aufik.cz\/index.php\/wp-json\/wp\/v2\/pages\/2436","targetHints":{"allow":["GET"]}}],"collection":[{"href":"https:\/\/www.aufik.cz\/index.php\/wp-json\/wp\/v2\/pages"}],"about":[{"href":"https:\/\/www.aufik.cz\/index.php\/wp-json\/wp\/v2\/types\/page"}],"author":[{"embeddable":true,"href":"https:\/\/www.aufik.cz\/index.php\/wp-json\/wp\/v2\/users\/1"}],"replies":[{"embeddable":true,"href":"https:\/\/www.aufik.cz\/index.php\/wp-json\/wp\/v2\/comments?post=2436"}],"version-history":[{"count":32,"href":"https:\/\/www.aufik.cz\/index.php\/wp-json\/wp\/v2\/pages\/2436\/revisions"}],"predecessor-version":[{"id":2641,"href":"https:\/\/www.aufik.cz\/index.php\/wp-json\/wp\/v2\/pages\/2436\/revisions\/2641"}],"wp:attachment":[{"href":"https:\/\/www.aufik.cz\/index.php\/wp-json\/wp\/v2\/media?parent=2436"}],"curies":[{"name":"wp","href":"https:\/\/api.w.org\/{rel}","templated":true}]}}