{"id":2424,"date":"2024-12-02T22:00:50","date_gmt":"2021-03-09T14:19:21","guid":{"rendered":""},"modified":"2025-06-15T06:45:45","modified_gmt":"2025-06-15T04:45:45","slug":"partneri-vyrobci","status":"publish","type":"page","link":"https:\/\/www.aufik.cz\/index.php\/partneri-vyrobci\/","title":{"rendered":"Partne\u0159i a v\u00fdrobci"},"content":{"rendered":"\t\t<div data-elementor-type=\"wp-page\" data-elementor-id=\"2424\" class=\"elementor elementor-2424\">\n\t\t\t\t<div class=\"elementor-element elementor-element-1744fc4 e-flex e-con-boxed e-con e-parent\" data-id=\"1744fc4\" data-element_type=\"container\">\n\t\t\t\t\t<div class=\"e-con-inner\">\n\t\t<div class=\"elementor-element elementor-element-a4e27c1 e-grid e-con-full e-con e-child\" data-id=\"a4e27c1\" data-element_type=\"container\">\n\t\t\t\t<div class=\"elementor-element elementor-element-7d367ee elementor-widget elementor-widget-text-editor\" data-id=\"7d367ee\" data-element_type=\"widget\" data-widget_type=\"text-editor.default\">\n\t\t\t\t<div class=\"elementor-widget-container\">\n\t\t\t\t\t\t\t\t\t<p>Spolupracuji s t\u011bmito pratnery:<\/p><ul><li>Defendia<\/li><li>Obrana<\/li><li>Beareka<\/li><li>Anareus<\/li><li>Ongear<\/li><li>Odeon optics<\/li><li>\u010cesk\u00e1 Zbrojovka<\/li><li>MPICZ<\/li><li>Perun Arms<\/li><li>C.I.D.Praha<\/li><\/ul>\t\t\t\t\t\t\t\t<\/div>\n\t\t\t\t<\/div>\n\t\t\t\t<div class=\"elementor-element elementor-element-0699e76 elementor-widget elementor-widget-text-editor\" data-id=\"0699e76\" data-element_type=\"widget\" data-widget_type=\"text-editor.default\">\n\t\t\t\t<div class=\"elementor-widget-container\">\n\t\t\t\t\t\t\t\t\t<p>Nab\u00edz\u00edm n\u00e1sleduj\u00edc\u00ed v\u00fdrobky:<\/p>\n<ul>\n<li>V\u00fdrobky pro obranu ESP<\/li>\n<li>Nextool<\/li>\n<li>Piexon<\/li>\n<li>Bipody Odeon<\/li>\n<li>Sv\u00edtilny a teleskopick\u00e9 obu\u0161ky Nextorch<\/li>\n<li>Optiky Vector optics<\/li>\n<li>Odeon, Forester<\/li>\n<li>Kolim\u00e1tory Holosun, Odeon, Aimpoint, Meprolight<\/li>\n<li>Pouzdra OnGear<\/li>\n<\/ul>\t\t\t\t\t\t\t\t<\/div>\n\t\t\t\t<\/div>\n\t\t\t\t<div class=\"elementor-element elementor-element-ed3fadf elementor-widget elementor-widget-text-editor\" data-id=\"ed3fadf\" data-element_type=\"widget\" data-widget_type=\"text-editor.default\">\n\t\t\t\t<div class=\"elementor-widget-container\">\n\t\t\t\t\t\t\t\t\t<p>Dod\u00e1m a p\u0159\u00edpadn\u011b uprav\u00edm \u010di vybav\u00edm p\u0159\u00edslu\u0161enstv\u00edm zbran\u011b t\u011bchto v\u00fdrobc\u016f:<\/p><ul><li>CZUB &#8211; \u010cesk\u00e1 zbrojovka<\/li><li>Glock<\/li><li>Pistole, revolvery a pu\u0161ky Ruger<\/li><li>Pu\u0161ky Marlin<\/li><li>Brokovnice Hatsan, Zabala, Fabarm, Avsan<\/li><li>Pu\u0161ky Perun Arms<\/li><li>Pistole Arex, Messerschmitt, Walther, Archon Firearms, Hammerli, Kris Vector<\/li><\/ul>\t\t\t\t\t\t\t\t<\/div>\n\t\t\t\t<\/div>\n\t\t\t\t<\/div>\n\t\t\t\t\t<\/div>\n\t\t\t\t<\/div>\n\t\t\t\t<\/div>\n\t\t","protected":false},"excerpt":{"rendered":"<p>Spolupracuji s t\u011bmito pratnery: Defendia Obrana Beareka Anareus Ongear Odeon optics \u010cesk\u00e1 Zbrojovka MPICZ Perun Arms C.I.D.Praha Nab\u00edz\u00edm n\u00e1sleduj\u00edc\u00ed v\u00fdrobky: V\u00fdrobky pro obranu ESP Nextool Piexon Bipody Odeon Sv\u00edtilny a teleskopick\u00e9 obu\u0161ky Nextorch Optiky Vector optics Odeon, Forester Kolim\u00e1tory Holosun, Odeon, Aimpoint, Meprolight Pouzdra OnGear Dod\u00e1m a p\u0159\u00edpadn\u011b uprav\u00edm \u010di vybav\u00edm p\u0159\u00edslu\u0161enstv\u00edm zbran\u011b t\u011bchto v\u00fdrobc\u016f: [&hellip;]<\/p>\n","protected":false},"author":1,"featured_media":0,"parent":0,"menu_order":0,"comment_status":"closed","ping_status":"closed","template":"","meta":{"footnotes":""},"class_list":["post-2424","page","type-page","status-publish","hentry"],"yoast_head":"<!-- This site is optimized with the Yoast SEO plugin v26.1.1 - https:\/\/yoast.com\/wordpress\/plugins\/seo\/ -->\n<title>Partne\u0159i a v\u00fdrobci - Aufik<\/title>\n<meta name=\"robots\" content=\"index, follow, max-snippet:-1, max-image-preview:large, max-video-preview:-1\" \/>\n<link rel=\"canonical\" href=\"https:\/\/www.aufik.cz\/index.php\/partneri-vyrobci\/\" \/>\n<meta property=\"og:locale\" content=\"cs_CZ\" \/>\n<meta property=\"og:type\" content=\"article\" \/>\n<meta property=\"og:title\" content=\"Partne\u0159i a v\u00fdrobci - Aufik\" \/>\n<meta property=\"og:description\" content=\"Spolupracuji s t\u011bmito pratnery: Defendia Obrana Beareka Anareus Ongear Odeon optics \u010cesk\u00e1 Zbrojovka MPICZ Perun Arms C.I.D.Praha Nab\u00edz\u00edm n\u00e1sleduj\u00edc\u00ed v\u00fdrobky: V\u00fdrobky pro obranu ESP Nextool Piexon Bipody Odeon Sv\u00edtilny a teleskopick\u00e9 obu\u0161ky Nextorch Optiky Vector optics Odeon, Forester Kolim\u00e1tory Holosun, Odeon, Aimpoint, Meprolight Pouzdra OnGear Dod\u00e1m a p\u0159\u00edpadn\u011b uprav\u00edm \u010di vybav\u00edm p\u0159\u00edslu\u0161enstv\u00edm zbran\u011b t\u011bchto v\u00fdrobc\u016f: [&hellip;]\" \/>\n<meta property=\"og:url\" content=\"https:\/\/www.aufik.cz\/index.php\/partneri-vyrobci\/\" \/>\n<meta property=\"og:site_name\" content=\"Aufik\" \/>\n<meta property=\"article:modified_time\" content=\"2025-06-15T04:45:45+00:00\" \/>\n<meta name=\"twitter:card\" content=\"summary_large_image\" \/>\n<meta name=\"twitter:label1\" content=\"Odhadovan\u00e1 doba \u010dten\u00ed\" \/>\n\t<meta name=\"twitter:data1\" content=\"1 minuta\" \/>\n<script type=\"application\/ld+json\" class=\"yoast-schema-graph\">{\"@context\":\"https:\/\/schema.org\",\"@graph\":[{\"@type\":\"WebPage\",\"@id\":\"https:\/\/www.aufik.cz\/index.php\/partneri-vyrobci\/\",\"url\":\"https:\/\/www.aufik.cz\/index.php\/partneri-vyrobci\/\",\"name\":\"Partne\u0159i a v\u00fdrobci - Aufik\",\"isPartOf\":{\"@id\":\"https:\/\/www.aufik.cz\/#website\"},\"datePublished\":\"2021-03-09T14:19:21+00:00\",\"dateModified\":\"2025-06-15T04:45:45+00:00\",\"breadcrumb\":{\"@id\":\"https:\/\/www.aufik.cz\/index.php\/partneri-vyrobci\/#breadcrumb\"},\"inLanguage\":\"cs\",\"potentialAction\":[{\"@type\":\"ReadAction\",\"target\":[\"https:\/\/www.aufik.cz\/index.php\/partneri-vyrobci\/\"]}]},{\"@type\":\"BreadcrumbList\",\"@id\":\"https:\/\/www.aufik.cz\/index.php\/partneri-vyrobci\/#breadcrumb\",\"itemListElement\":[{\"@type\":\"ListItem\",\"position\":1,\"name\":\"Home\",\"item\":\"https:\/\/www.aufik.cz\/\"},{\"@type\":\"ListItem\",\"position\":2,\"name\":\"Partne\u0159i a v\u00fdrobci\"}]},{\"@type\":\"WebSite\",\"@id\":\"https:\/\/www.aufik.cz\/#website\",\"url\":\"https:\/\/www.aufik.cz\/\",\"name\":\"Aufik\",\"description\":\"\",\"publisher\":{\"@id\":\"https:\/\/www.aufik.cz\/#\/schema\/person\/6542b56f49c45be6696e38393dbca330\"},\"potentialAction\":[{\"@type\":\"SearchAction\",\"target\":{\"@type\":\"EntryPoint\",\"urlTemplate\":\"https:\/\/www.aufik.cz\/?s={search_term_string}\"},\"query-input\":{\"@type\":\"PropertyValueSpecification\",\"valueRequired\":true,\"valueName\":\"search_term_string\"}}],\"inLanguage\":\"cs\"},{\"@type\":[\"Person\",\"Organization\"],\"@id\":\"https:\/\/www.aufik.cz\/#\/schema\/person\/6542b56f49c45be6696e38393dbca330\",\"name\":\"Pavel Ausfic\u00edr\",\"image\":{\"@type\":\"ImageObject\",\"inLanguage\":\"cs\",\"@id\":\"https:\/\/www.aufik.cz\/#\/schema\/person\/image\/\",\"url\":\"http:\/\/www.aufik.cz\/wp-content\/uploads\/2024\/12\/Pavel1-1.jpg\",\"contentUrl\":\"http:\/\/www.aufik.cz\/wp-content\/uploads\/2024\/12\/Pavel1-1.jpg\",\"width\":302,\"height\":360,\"caption\":\"Pavel Ausfic\u00edr\"},\"logo\":{\"@id\":\"https:\/\/www.aufik.cz\/#\/schema\/person\/image\/\"},\"sameAs\":[\"https:\/\/www.aufik.cz\"]}]}<\/script>\n<!-- \/ Yoast SEO plugin. -->","yoast_head_json":{"title":"Partne\u0159i a v\u00fdrobci - Aufik","robots":{"index":"index","follow":"follow","max-snippet":"max-snippet:-1","max-image-preview":"max-image-preview:large","max-video-preview":"max-video-preview:-1"},"canonical":"https:\/\/www.aufik.cz\/index.php\/partneri-vyrobci\/","og_locale":"cs_CZ","og_type":"article","og_title":"Partne\u0159i a v\u00fdrobci - Aufik","og_description":"Spolupracuji s t\u011bmito pratnery: Defendia Obrana Beareka Anareus Ongear Odeon optics \u010cesk\u00e1 Zbrojovka MPICZ Perun Arms C.I.D.Praha Nab\u00edz\u00edm n\u00e1sleduj\u00edc\u00ed v\u00fdrobky: V\u00fdrobky pro obranu ESP Nextool Piexon Bipody Odeon Sv\u00edtilny a teleskopick\u00e9 obu\u0161ky Nextorch Optiky Vector optics Odeon, Forester Kolim\u00e1tory Holosun, Odeon, Aimpoint, Meprolight Pouzdra OnGear Dod\u00e1m a p\u0159\u00edpadn\u011b uprav\u00edm \u010di vybav\u00edm p\u0159\u00edslu\u0161enstv\u00edm zbran\u011b t\u011bchto v\u00fdrobc\u016f: [&hellip;]","og_url":"https:\/\/www.aufik.cz\/index.php\/partneri-vyrobci\/","og_site_name":"Aufik","article_modified_time":"2025-06-15T04:45:45+00:00","twitter_card":"summary_large_image","twitter_misc":{"Odhadovan\u00e1 doba \u010dten\u00ed":"1 minuta"},"schema":{"@context":"https:\/\/schema.org","@graph":[{"@type":"WebPage","@id":"https:\/\/www.aufik.cz\/index.php\/partneri-vyrobci\/","url":"https:\/\/www.aufik.cz\/index.php\/partneri-vyrobci\/","name":"Partne\u0159i a v\u00fdrobci - Aufik","isPartOf":{"@id":"https:\/\/www.aufik.cz\/#website"},"datePublished":"2021-03-09T14:19:21+00:00","dateModified":"2025-06-15T04:45:45+00:00","breadcrumb":{"@id":"https:\/\/www.aufik.cz\/index.php\/partneri-vyrobci\/#breadcrumb"},"inLanguage":"cs","potentialAction":[{"@type":"ReadAction","target":["https:\/\/www.aufik.cz\/index.php\/partneri-vyrobci\/"]}]},{"@type":"BreadcrumbList","@id":"https:\/\/www.aufik.cz\/index.php\/partneri-vyrobci\/#breadcrumb","itemListElement":[{"@type":"ListItem","position":1,"name":"Home","item":"https:\/\/www.aufik.cz\/"},{"@type":"ListItem","position":2,"name":"Partne\u0159i a v\u00fdrobci"}]},{"@type":"WebSite","@id":"https:\/\/www.aufik.cz\/#website","url":"https:\/\/www.aufik.cz\/","name":"Aufik","description":"","publisher":{"@id":"https:\/\/www.aufik.cz\/#\/schema\/person\/6542b56f49c45be6696e38393dbca330"},"potentialAction":[{"@type":"SearchAction","target":{"@type":"EntryPoint","urlTemplate":"https:\/\/www.aufik.cz\/?s={search_term_string}"},"query-input":{"@type":"PropertyValueSpecification","valueRequired":true,"valueName":"search_term_string"}}],"inLanguage":"cs"},{"@type":["Person","Organization"],"@id":"https:\/\/www.aufik.cz\/#\/schema\/person\/6542b56f49c45be6696e38393dbca330","name":"Pavel Ausfic\u00edr","image":{"@type":"ImageObject","inLanguage":"cs","@id":"https:\/\/www.aufik.cz\/#\/schema\/person\/image\/","url":"http:\/\/www.aufik.cz\/wp-content\/uploads\/2024\/12\/Pavel1-1.jpg","contentUrl":"http:\/\/www.aufik.cz\/wp-content\/uploads\/2024\/12\/Pavel1-1.jpg","width":302,"height":360,"caption":"Pavel Ausfic\u00edr"},"logo":{"@id":"https:\/\/www.aufik.cz\/#\/schema\/person\/image\/"},"sameAs":["https:\/\/www.aufik.cz"]}]}},"_links":{"self":[{"href":"https:\/\/www.aufik.cz\/index.php\/wp-json\/wp\/v2\/pages\/2424","targetHints":{"allow":["GET"]}}],"collection":[{"href":"https:\/\/www.aufik.cz\/index.php\/wp-json\/wp\/v2\/pages"}],"about":[{"href":"https:\/\/www.aufik.cz\/index.php\/wp-json\/wp\/v2\/types\/page"}],"author":[{"embeddable":true,"href":"https:\/\/www.aufik.cz\/index.php\/wp-json\/wp\/v2\/users\/1"}],"replies":[{"embeddable":true,"href":"https:\/\/www.aufik.cz\/index.php\/wp-json\/wp\/v2\/comments?post=2424"}],"version-history":[{"count":10,"href":"https:\/\/www.aufik.cz\/index.php\/wp-json\/wp\/v2\/pages\/2424\/revisions"}],"predecessor-version":[{"id":2693,"href":"https:\/\/www.aufik.cz\/index.php\/wp-json\/wp\/v2\/pages\/2424\/revisions\/2693"}],"wp:attachment":[{"href":"https:\/\/www.aufik.cz\/index.php\/wp-json\/wp\/v2\/media?parent=2424"}],"curies":[{"name":"wp","href":"https:\/\/api.w.org\/{rel}","templated":true}]}}