{"id":2,"date":"2024-11-01T14:46:07","date_gmt":"2024-11-01T13:46:07","guid":{"rendered":"http:\/\/192.168.156.43\/?page_id=2"},"modified":"2024-12-26T22:46:31","modified_gmt":"2024-12-26T21:46:31","slug":"domu","status":"publish","type":"page","link":"https:\/\/www.aufik.cz\/","title":{"rendered":"Dom\u016f"},"content":{"rendered":"\n<p>V\u00edtejte na m\u00fdch str\u00e1nk\u00e1ch, kde si v\u00e1m dovol\u00edm nab\u00eddnout slu\u017eby z oblasti v\u00fdcviku a v\u00fduky st\u0159elby, p\u0159\u00edpravy ke zkou\u0161k\u00e1m na ZP, z\u00e1\u017eitkovou st\u0159elbu a drobn\u00e9 pu\u0161ka\u0159sk\u00e9 pr\u00e1ce.<\/p>\n\n\n\n<p><\/p>\n","protected":false},"excerpt":{"rendered":"<p>V\u00edtejte na m\u00fdch str\u00e1nk\u00e1ch, kde si v\u00e1m dovol\u00edm nab\u00eddnout slu\u017eby z oblasti v\u00fdcviku a v\u00fduky st\u0159elby, p\u0159\u00edpravy ke zkou\u0161k\u00e1m na ZP, z\u00e1\u017eitkovou st\u0159elbu a drobn\u00e9 pu\u0161ka\u0159sk\u00e9 pr\u00e1ce.<\/p>\n","protected":false},"author":1,"featured_media":2489,"parent":0,"menu_order":0,"comment_status":"closed","ping_status":"open","template":"","meta":{"footnotes":""},"class_list":["post-2","page","type-page","status-publish","has-post-thumbnail","hentry"],"yoast_head":"<!-- This site is optimized with the Yoast SEO plugin v26.1.1 - https:\/\/yoast.com\/wordpress\/plugins\/seo\/ -->\n<title>Dom\u016f - Aufik<\/title>\n<meta name=\"robots\" content=\"index, follow, max-snippet:-1, max-image-preview:large, max-video-preview:-1\" \/>\n<link rel=\"canonical\" href=\"https:\/\/www.aufik.cz\/\" \/>\n<meta property=\"og:locale\" content=\"cs_CZ\" \/>\n<meta property=\"og:type\" content=\"article\" \/>\n<meta property=\"og:title\" content=\"Dom\u016f - Aufik\" \/>\n<meta property=\"og:description\" content=\"V\u00edtejte na m\u00fdch str\u00e1nk\u00e1ch, kde si v\u00e1m dovol\u00edm nab\u00eddnout slu\u017eby z oblasti v\u00fdcviku a v\u00fduky st\u0159elby, p\u0159\u00edpravy ke zkou\u0161k\u00e1m na ZP, z\u00e1\u017eitkovou st\u0159elbu a drobn\u00e9 pu\u0161ka\u0159sk\u00e9 pr\u00e1ce.\" \/>\n<meta property=\"og:url\" content=\"https:\/\/www.aufik.cz\/\" \/>\n<meta property=\"og:site_name\" content=\"Aufik\" \/>\n<meta property=\"article:modified_time\" content=\"2024-12-26T21:46:31+00:00\" \/>\n<meta property=\"og:image\" content=\"https:\/\/www.aufik.cz\/wp-content\/uploads\/2024\/12\/1734465032175.jpeg\" \/>\n\t<meta property=\"og:image:width\" content=\"1600\" \/>\n\t<meta property=\"og:image:height\" content=\"901\" \/>\n\t<meta property=\"og:image:type\" content=\"image\/jpeg\" \/>\n<meta name=\"twitter:card\" content=\"summary_large_image\" \/>\n<meta name=\"twitter:label1\" content=\"Odhadovan\u00e1 doba \u010dten\u00ed\" \/>\n\t<meta name=\"twitter:data1\" content=\"1 minuta\" \/>\n<script type=\"application\/ld+json\" class=\"yoast-schema-graph\">{\"@context\":\"https:\/\/schema.org\",\"@graph\":[{\"@type\":\"WebPage\",\"@id\":\"https:\/\/www.aufik.cz\/\",\"url\":\"https:\/\/www.aufik.cz\/\",\"name\":\"Dom\u016f - Aufik\",\"isPartOf\":{\"@id\":\"https:\/\/www.aufik.cz\/#website\"},\"primaryImageOfPage\":{\"@id\":\"https:\/\/www.aufik.cz\/#primaryimage\"},\"image\":{\"@id\":\"https:\/\/www.aufik.cz\/#primaryimage\"},\"thumbnailUrl\":\"https:\/\/www.aufik.cz\/wp-content\/uploads\/2024\/12\/1734465032175.jpeg\",\"datePublished\":\"2024-11-01T13:46:07+00:00\",\"dateModified\":\"2024-12-26T21:46:31+00:00\",\"breadcrumb\":{\"@id\":\"https:\/\/www.aufik.cz\/#breadcrumb\"},\"inLanguage\":\"cs\",\"potentialAction\":[{\"@type\":\"ReadAction\",\"target\":[\"https:\/\/www.aufik.cz\/\"]}]},{\"@type\":\"ImageObject\",\"inLanguage\":\"cs\",\"@id\":\"https:\/\/www.aufik.cz\/#primaryimage\",\"url\":\"https:\/\/www.aufik.cz\/wp-content\/uploads\/2024\/12\/1734465032175.jpeg\",\"contentUrl\":\"https:\/\/www.aufik.cz\/wp-content\/uploads\/2024\/12\/1734465032175.jpeg\",\"width\":1600,\"height\":901},{\"@type\":\"BreadcrumbList\",\"@id\":\"https:\/\/www.aufik.cz\/#breadcrumb\",\"itemListElement\":[{\"@type\":\"ListItem\",\"position\":1,\"name\":\"Home\",\"item\":\"https:\/\/www.aufik.cz\/\"},{\"@type\":\"ListItem\",\"position\":2,\"name\":\"Dom\u016f\"}]},{\"@type\":\"WebSite\",\"@id\":\"https:\/\/www.aufik.cz\/#website\",\"url\":\"https:\/\/www.aufik.cz\/\",\"name\":\"Aufik\",\"description\":\"\",\"publisher\":{\"@id\":\"https:\/\/www.aufik.cz\/#\/schema\/person\/6542b56f49c45be6696e38393dbca330\"},\"potentialAction\":[{\"@type\":\"SearchAction\",\"target\":{\"@type\":\"EntryPoint\",\"urlTemplate\":\"https:\/\/www.aufik.cz\/?s={search_term_string}\"},\"query-input\":{\"@type\":\"PropertyValueSpecification\",\"valueRequired\":true,\"valueName\":\"search_term_string\"}}],\"inLanguage\":\"cs\"},{\"@type\":[\"Person\",\"Organization\"],\"@id\":\"https:\/\/www.aufik.cz\/#\/schema\/person\/6542b56f49c45be6696e38393dbca330\",\"name\":\"Pavel Ausfic\u00edr\",\"image\":{\"@type\":\"ImageObject\",\"inLanguage\":\"cs\",\"@id\":\"https:\/\/www.aufik.cz\/#\/schema\/person\/image\/\",\"url\":\"http:\/\/www.aufik.cz\/wp-content\/uploads\/2024\/12\/Pavel1-1.jpg\",\"contentUrl\":\"http:\/\/www.aufik.cz\/wp-content\/uploads\/2024\/12\/Pavel1-1.jpg\",\"width\":302,\"height\":360,\"caption\":\"Pavel Ausfic\u00edr\"},\"logo\":{\"@id\":\"https:\/\/www.aufik.cz\/#\/schema\/person\/image\/\"},\"sameAs\":[\"https:\/\/www.aufik.cz\"]}]}<\/script>\n<!-- \/ Yoast SEO plugin. -->","yoast_head_json":{"title":"Dom\u016f - Aufik","robots":{"index":"index","follow":"follow","max-snippet":"max-snippet:-1","max-image-preview":"max-image-preview:large","max-video-preview":"max-video-preview:-1"},"canonical":"https:\/\/www.aufik.cz\/","og_locale":"cs_CZ","og_type":"article","og_title":"Dom\u016f - Aufik","og_description":"V\u00edtejte na m\u00fdch str\u00e1nk\u00e1ch, kde si v\u00e1m dovol\u00edm nab\u00eddnout slu\u017eby z oblasti v\u00fdcviku a v\u00fduky st\u0159elby, p\u0159\u00edpravy ke zkou\u0161k\u00e1m na ZP, z\u00e1\u017eitkovou st\u0159elbu a drobn\u00e9 pu\u0161ka\u0159sk\u00e9 pr\u00e1ce.","og_url":"https:\/\/www.aufik.cz\/","og_site_name":"Aufik","article_modified_time":"2024-12-26T21:46:31+00:00","og_image":[{"width":1600,"height":901,"url":"https:\/\/www.aufik.cz\/wp-content\/uploads\/2024\/12\/1734465032175.jpeg","type":"image\/jpeg"}],"twitter_card":"summary_large_image","twitter_misc":{"Odhadovan\u00e1 doba \u010dten\u00ed":"1 minuta"},"schema":{"@context":"https:\/\/schema.org","@graph":[{"@type":"WebPage","@id":"https:\/\/www.aufik.cz\/","url":"https:\/\/www.aufik.cz\/","name":"Dom\u016f - Aufik","isPartOf":{"@id":"https:\/\/www.aufik.cz\/#website"},"primaryImageOfPage":{"@id":"https:\/\/www.aufik.cz\/#primaryimage"},"image":{"@id":"https:\/\/www.aufik.cz\/#primaryimage"},"thumbnailUrl":"https:\/\/www.aufik.cz\/wp-content\/uploads\/2024\/12\/1734465032175.jpeg","datePublished":"2024-11-01T13:46:07+00:00","dateModified":"2024-12-26T21:46:31+00:00","breadcrumb":{"@id":"https:\/\/www.aufik.cz\/#breadcrumb"},"inLanguage":"cs","potentialAction":[{"@type":"ReadAction","target":["https:\/\/www.aufik.cz\/"]}]},{"@type":"ImageObject","inLanguage":"cs","@id":"https:\/\/www.aufik.cz\/#primaryimage","url":"https:\/\/www.aufik.cz\/wp-content\/uploads\/2024\/12\/1734465032175.jpeg","contentUrl":"https:\/\/www.aufik.cz\/wp-content\/uploads\/2024\/12\/1734465032175.jpeg","width":1600,"height":901},{"@type":"BreadcrumbList","@id":"https:\/\/www.aufik.cz\/#breadcrumb","itemListElement":[{"@type":"ListItem","position":1,"name":"Home","item":"https:\/\/www.aufik.cz\/"},{"@type":"ListItem","position":2,"name":"Dom\u016f"}]},{"@type":"WebSite","@id":"https:\/\/www.aufik.cz\/#website","url":"https:\/\/www.aufik.cz\/","name":"Aufik","description":"","publisher":{"@id":"https:\/\/www.aufik.cz\/#\/schema\/person\/6542b56f49c45be6696e38393dbca330"},"potentialAction":[{"@type":"SearchAction","target":{"@type":"EntryPoint","urlTemplate":"https:\/\/www.aufik.cz\/?s={search_term_string}"},"query-input":{"@type":"PropertyValueSpecification","valueRequired":true,"valueName":"search_term_string"}}],"inLanguage":"cs"},{"@type":["Person","Organization"],"@id":"https:\/\/www.aufik.cz\/#\/schema\/person\/6542b56f49c45be6696e38393dbca330","name":"Pavel Ausfic\u00edr","image":{"@type":"ImageObject","inLanguage":"cs","@id":"https:\/\/www.aufik.cz\/#\/schema\/person\/image\/","url":"http:\/\/www.aufik.cz\/wp-content\/uploads\/2024\/12\/Pavel1-1.jpg","contentUrl":"http:\/\/www.aufik.cz\/wp-content\/uploads\/2024\/12\/Pavel1-1.jpg","width":302,"height":360,"caption":"Pavel Ausfic\u00edr"},"logo":{"@id":"https:\/\/www.aufik.cz\/#\/schema\/person\/image\/"},"sameAs":["https:\/\/www.aufik.cz"]}]}},"_links":{"self":[{"href":"https:\/\/www.aufik.cz\/index.php\/wp-json\/wp\/v2\/pages\/2","targetHints":{"allow":["GET"]}}],"collection":[{"href":"https:\/\/www.aufik.cz\/index.php\/wp-json\/wp\/v2\/pages"}],"about":[{"href":"https:\/\/www.aufik.cz\/index.php\/wp-json\/wp\/v2\/types\/page"}],"author":[{"embeddable":true,"href":"https:\/\/www.aufik.cz\/index.php\/wp-json\/wp\/v2\/users\/1"}],"replies":[{"embeddable":true,"href":"https:\/\/www.aufik.cz\/index.php\/wp-json\/wp\/v2\/comments?post=2"}],"version-history":[{"count":3,"href":"https:\/\/www.aufik.cz\/index.php\/wp-json\/wp\/v2\/pages\/2\/revisions"}],"predecessor-version":[{"id":2545,"href":"https:\/\/www.aufik.cz\/index.php\/wp-json\/wp\/v2\/pages\/2\/revisions\/2545"}],"wp:featuredmedia":[{"embeddable":true,"href":"https:\/\/www.aufik.cz\/index.php\/wp-json\/wp\/v2\/media\/2489"}],"wp:attachment":[{"href":"https:\/\/www.aufik.cz\/index.php\/wp-json\/wp\/v2\/media?parent=2"}],"curies":[{"name":"wp","href":"https:\/\/api.w.org\/{rel}","templated":true}]}}